{"id":25,"date":"2017-05-19T09:07:43","date_gmt":"2017-05-19T09:07:43","guid":{"rendered":"http:\/\/xn--frulein-schmerzfrei-hwb.de\/?page_id=25"},"modified":"2017-12-19T18:33:55","modified_gmt":"2017-12-19T18:33:55","slug":"25-2","status":"publish","type":"page","link":"https:\/\/xn--frulein-schmerzfrei-hwb.de\/?page_id=25","title":{"rendered":"Herzlich Willkommen"},"content":{"rendered":"<p style=\"text-align: center;\">Herzlich Willkommen auf meiner Seite<\/p>\n<p style=\"text-align: center;\">Mit der Internet- Pr\u00e4senz von<em> Fr\u00e4ulein Schmerzfrei<\/em> bekommen Sie nicht nur wichtige Informationen \u00fcber die Praxis sondern bleiben auch auf dem neusten Stand in Sachen Kursen und mit der Zeit werde ich Ihnen die Faszientherapie und alles was damit einhergeht erkl\u00e4ren und versuchen ein St\u00fcck n\u00e4her zu bringen.<\/p>\n<p style=\"text-align: center;\">Ihr Weg zu mir in die Praxis ist m\u00f6glich \u00fcber ein <strong>Privat &#8211; Rezept ihres Arztes<\/strong> \/ und oder als <strong>Selbstzahler<\/strong>.<\/p>\n<h1 style=\"text-align: center;\">Meine Adresse : \u00a0 Kalksbecker Weg 77a, 48653 Coesfeld<\/h1>\n<h1 style=\"text-align: center;\"><strong>Sarah Varenkamp<\/strong><\/h1>\n","protected":false},"excerpt":{"rendered":"<p>Herzlich Willkommen auf meiner Seite Mit der Internet- Pr\u00e4senz von Fr\u00e4ulein Schmerzfrei bekommen Sie nicht nur wichtige Informationen \u00fcber die Praxis sondern bleiben auch auf dem neusten Stand in Sachen Kursen und mit der Zeit werde ich Ihnen die Faszientherapie und alles was damit einhergeht erkl\u00e4ren und versuchen ein St\u00fcck n\u00e4her zu bringen. Ihr Weg &hellip; <a href=\"https:\/\/xn--frulein-schmerzfrei-hwb.de\/?page_id=25\" class=\"more-link\"><span class=\"screen-reader-text\">Herzlich Willkommen<\/span> weiterlesen<\/a><\/p>\n","protected":false},"author":1,"featured_media":0,"parent":0,"menu_order":0,"comment_status":"closed","ping_status":"closed","template":"","meta":{"footnotes":""},"class_list":["post-25","page","type-page","status-publish","hentry"],"_links":{"self":[{"href":"https:\/\/xn--frulein-schmerzfrei-hwb.de\/index.php?rest_route=\/wp\/v2\/pages\/25","targetHints":{"allow":["GET"]}}],"collection":[{"href":"https:\/\/xn--frulein-schmerzfrei-hwb.de\/index.php?rest_route=\/wp\/v2\/pages"}],"about":[{"href":"https:\/\/xn--frulein-schmerzfrei-hwb.de\/index.php?rest_route=\/wp\/v2\/types\/page"}],"author":[{"embeddable":true,"href":"https:\/\/xn--frulein-schmerzfrei-hwb.de\/index.php?rest_route=\/wp\/v2\/users\/1"}],"replies":[{"embeddable":true,"href":"https:\/\/xn--frulein-schmerzfrei-hwb.de\/index.php?rest_route=%2Fwp%2Fv2%2Fcomments&post=25"}],"version-history":[{"count":12,"href":"https:\/\/xn--frulein-schmerzfrei-hwb.de\/index.php?rest_route=\/wp\/v2\/pages\/25\/revisions"}],"predecessor-version":[{"id":243,"href":"https:\/\/xn--frulein-schmerzfrei-hwb.de\/index.php?rest_route=\/wp\/v2\/pages\/25\/revisions\/243"}],"wp:attachment":[{"href":"https:\/\/xn--frulein-schmerzfrei-hwb.de\/index.php?rest_route=%2Fwp%2Fv2%2Fmedia&parent=25"}],"curies":[{"name":"wp","href":"https:\/\/api.w.org\/{rel}","templated":true}]}}